{"id":8470,"date":"2019-11-27T12:49:48","date_gmt":"2019-11-27T11:49:48","guid":{"rendered":"https:\/\/conseildexperts.com\/?page_id=8470"},"modified":"2025-04-12T22:07:11","modified_gmt":"2025-04-12T20:07:11","slug":"blog","status":"publish","type":"page","link":"https:\/\/conseildexperts.com\/en\/blog\/","title":{"rendered":"Blog"},"content":{"rendered":"\t\t<div data-elementor-type=\"wp-page\" data-elementor-id=\"8470\" class=\"elementor elementor-8470\" data-elementor-post-type=\"page\">\n\t\t\t\t\t\t<section data-particle_enable=\"false\" data-particle-mobile-disabled=\"false\" class=\"elementor-section elementor-top-section elementor-element elementor-element-c6aa47e elementor-section-boxed elementor-section-height-default elementor-section-height-default\" data-id=\"c6aa47e\" data-element_type=\"section\">\n\t\t\t\t\t\t<div class=\"elementor-container elementor-column-gap-default\">\n\t\t\t\t\t<div class=\"elementor-column elementor-col-100 elementor-top-column elementor-element elementor-element-c6aaacb\" data-id=\"c6aaacb\" data-element_type=\"column\">\n\t\t\t<div class=\"elementor-widget-wrap elementor-element-populated\">\n\t\t\t\t\t\t\t<\/div>\n\t\t<\/div>\n\t\t\t\t\t<\/div>\n\t\t<\/section>\n\t\t\t\t<\/div>\n\t\t","protected":false},"excerpt":{"rendered":"<p>Attestation Fiscale et Loi sur le Microcr\u00e9dit au Maroc Lire la suite Octroi d\u2019avances sur les march\u00e9s publics au Maroc Lire la suite La l\u00e9gislation marocaine en mati\u00e8re de gouvernance des entreprises Lire la suite La l\u00e9gislation marocaine en mati\u00e8re de normes comptables Lire la suite La l\u00e9gislation marocaine en mati\u00e8re de fiscalit\u00e9 Lire la<\/p>\n","protected":false},"author":1,"featured_media":0,"parent":0,"menu_order":0,"comment_status":"closed","ping_status":"closed","template":"","meta":{"footnotes":""},"class_list":["post-8470","page","type-page","status-publish","hentry"],"yoast_head":"<!-- This site is optimized with the Yoast SEO plugin v25.1 - https:\/\/yoast.com\/wordpress\/plugins\/seo\/ -->\n<title>Blog - Conseil d&#039;experts<\/title>\n<meta name=\"robots\" content=\"index, follow, max-snippet:-1, max-image-preview:large, max-video-preview:-1\" \/>\n<link rel=\"canonical\" href=\"https:\/\/conseildexperts.com\/en\/blog\/\" \/>\n<meta property=\"og:locale\" content=\"en_US\" \/>\n<meta property=\"og:type\" content=\"article\" \/>\n<meta property=\"og:title\" content=\"Blog - Conseil d&#039;experts\" \/>\n<meta property=\"og:description\" content=\"Attestation Fiscale et Loi sur le Microcr\u00e9dit au Maroc Lire la suite Octroi d\u2019avances sur les march\u00e9s publics au Maroc Lire la suite La l\u00e9gislation marocaine en mati\u00e8re de gouvernance des entreprises Lire la suite La l\u00e9gislation marocaine en mati\u00e8re de normes comptables Lire la suite La l\u00e9gislation marocaine en mati\u00e8re de fiscalit\u00e9 Lire la\" \/>\n<meta property=\"og:url\" content=\"https:\/\/conseildexperts.com\/en\/blog\/\" \/>\n<meta property=\"og:site_name\" content=\"Conseil d&#039;experts\" \/>\n<meta property=\"article:modified_time\" content=\"2025-04-12T20:07:11+00:00\" \/>\n<meta name=\"twitter:card\" content=\"summary_large_image\" \/>\n<script type=\"application\/ld+json\" class=\"yoast-schema-graph\">{\"@context\":\"https:\/\/schema.org\",\"@graph\":[{\"@type\":\"WebPage\",\"@id\":\"https:\/\/conseildexperts.com\/en\/blog\/\",\"url\":\"https:\/\/conseildexperts.com\/en\/blog\/\",\"name\":\"Blog - Conseil d&#039;experts\",\"isPartOf\":{\"@id\":\"https:\/\/conseildexperts.com\/#website\"},\"datePublished\":\"2019-11-27T11:49:48+00:00\",\"dateModified\":\"2025-04-12T20:07:11+00:00\",\"breadcrumb\":{\"@id\":\"https:\/\/conseildexperts.com\/en\/blog\/#breadcrumb\"},\"inLanguage\":\"en-US\",\"potentialAction\":[{\"@type\":\"ReadAction\",\"target\":[\"https:\/\/conseildexperts.com\/en\/blog\/\"]}]},{\"@type\":\"BreadcrumbList\",\"@id\":\"https:\/\/conseildexperts.com\/en\/blog\/#breadcrumb\",\"itemListElement\":[{\"@type\":\"ListItem\",\"position\":1,\"name\":\"Accueil\",\"item\":\"https:\/\/conseildexperts.com\/en\/\"},{\"@type\":\"ListItem\",\"position\":2,\"name\":\"Blog\"}]},{\"@type\":\"WebSite\",\"@id\":\"https:\/\/conseildexperts.com\/#website\",\"url\":\"https:\/\/conseildexperts.com\/\",\"name\":\"Cabinet Conseil d'experts\",\"description\":\"\",\"publisher\":{\"@id\":\"https:\/\/conseildexperts.com\/#organization\"},\"potentialAction\":[{\"@type\":\"SearchAction\",\"target\":{\"@type\":\"EntryPoint\",\"urlTemplate\":\"https:\/\/conseildexperts.com\/?s={search_term_string}\"},\"query-input\":{\"@type\":\"PropertyValueSpecification\",\"valueRequired\":true,\"valueName\":\"search_term_string\"}}],\"inLanguage\":\"en-US\"},{\"@type\":\"Organization\",\"@id\":\"https:\/\/conseildexperts.com\/#organization\",\"name\":\"Cabinet Conseil d'experts\",\"url\":\"https:\/\/conseildexperts.com\/\",\"logo\":{\"@type\":\"ImageObject\",\"inLanguage\":\"en-US\",\"@id\":\"https:\/\/conseildexperts.com\/#\/schema\/logo\/image\/\",\"url\":\"https:\/\/conseildexperts.com\/wp-content\/uploads\/2025\/01\/conseil_d_experts-1.png\",\"contentUrl\":\"https:\/\/conseildexperts.com\/wp-content\/uploads\/2025\/01\/conseil_d_experts-1.png\",\"width\":574,\"height\":322,\"caption\":\"Cabinet Conseil d'experts\"},\"image\":{\"@id\":\"https:\/\/conseildexperts.com\/#\/schema\/logo\/image\/\"}}]}<\/script>\n<!-- \/ Yoast SEO plugin. -->","yoast_head_json":{"title":"Blog - Conseil d&#039;experts","robots":{"index":"index","follow":"follow","max-snippet":"max-snippet:-1","max-image-preview":"max-image-preview:large","max-video-preview":"max-video-preview:-1"},"canonical":"https:\/\/conseildexperts.com\/en\/blog\/","og_locale":"en_US","og_type":"article","og_title":"Blog - Conseil d&#039;experts","og_description":"Attestation Fiscale et Loi sur le Microcr\u00e9dit au Maroc Lire la suite Octroi d\u2019avances sur les march\u00e9s publics au Maroc Lire la suite La l\u00e9gislation marocaine en mati\u00e8re de gouvernance des entreprises Lire la suite La l\u00e9gislation marocaine en mati\u00e8re de normes comptables Lire la suite La l\u00e9gislation marocaine en mati\u00e8re de fiscalit\u00e9 Lire la","og_url":"https:\/\/conseildexperts.com\/en\/blog\/","og_site_name":"Conseil d&#039;experts","article_modified_time":"2025-04-12T20:07:11+00:00","twitter_card":"summary_large_image","schema":{"@context":"https:\/\/schema.org","@graph":[{"@type":"WebPage","@id":"https:\/\/conseildexperts.com\/en\/blog\/","url":"https:\/\/conseildexperts.com\/en\/blog\/","name":"Blog - Conseil d&#039;experts","isPartOf":{"@id":"https:\/\/conseildexperts.com\/#website"},"datePublished":"2019-11-27T11:49:48+00:00","dateModified":"2025-04-12T20:07:11+00:00","breadcrumb":{"@id":"https:\/\/conseildexperts.com\/en\/blog\/#breadcrumb"},"inLanguage":"en-US","potentialAction":[{"@type":"ReadAction","target":["https:\/\/conseildexperts.com\/en\/blog\/"]}]},{"@type":"BreadcrumbList","@id":"https:\/\/conseildexperts.com\/en\/blog\/#breadcrumb","itemListElement":[{"@type":"ListItem","position":1,"name":"Accueil","item":"https:\/\/conseildexperts.com\/en\/"},{"@type":"ListItem","position":2,"name":"Blog"}]},{"@type":"WebSite","@id":"https:\/\/conseildexperts.com\/#website","url":"https:\/\/conseildexperts.com\/","name":"Cabinet Conseil d'experts","description":"","publisher":{"@id":"https:\/\/conseildexperts.com\/#organization"},"potentialAction":[{"@type":"SearchAction","target":{"@type":"EntryPoint","urlTemplate":"https:\/\/conseildexperts.com\/?s={search_term_string}"},"query-input":{"@type":"PropertyValueSpecification","valueRequired":true,"valueName":"search_term_string"}}],"inLanguage":"en-US"},{"@type":"Organization","@id":"https:\/\/conseildexperts.com\/#organization","name":"Cabinet Conseil d'experts","url":"https:\/\/conseildexperts.com\/","logo":{"@type":"ImageObject","inLanguage":"en-US","@id":"https:\/\/conseildexperts.com\/#\/schema\/logo\/image\/","url":"https:\/\/conseildexperts.com\/wp-content\/uploads\/2025\/01\/conseil_d_experts-1.png","contentUrl":"https:\/\/conseildexperts.com\/wp-content\/uploads\/2025\/01\/conseil_d_experts-1.png","width":574,"height":322,"caption":"Cabinet Conseil d'experts"},"image":{"@id":"https:\/\/conseildexperts.com\/#\/schema\/logo\/image\/"}}]}},"_links":{"self":[{"href":"https:\/\/conseildexperts.com\/en\/wp-json\/wp\/v2\/pages\/8470","targetHints":{"allow":["GET"]}}],"collection":[{"href":"https:\/\/conseildexperts.com\/en\/wp-json\/wp\/v2\/pages"}],"about":[{"href":"https:\/\/conseildexperts.com\/en\/wp-json\/wp\/v2\/types\/page"}],"author":[{"embeddable":true,"href":"https:\/\/conseildexperts.com\/en\/wp-json\/wp\/v2\/users\/1"}],"replies":[{"embeddable":true,"href":"https:\/\/conseildexperts.com\/en\/wp-json\/wp\/v2\/comments?post=8470"}],"version-history":[{"count":1,"href":"https:\/\/conseildexperts.com\/en\/wp-json\/wp\/v2\/pages\/8470\/revisions"}],"predecessor-version":[{"id":8471,"href":"https:\/\/conseildexperts.com\/en\/wp-json\/wp\/v2\/pages\/8470\/revisions\/8471"}],"wp:attachment":[{"href":"https:\/\/conseildexperts.com\/en\/wp-json\/wp\/v2\/media?parent=8470"}],"curies":[{"name":"wp","href":"https:\/\/api.w.org\/{rel}","templated":true}]}}